{"id":19,"date":"2018-10-16T12:32:54","date_gmt":"2018-10-16T16:32:54","guid":{"rendered":"http:\/\/transportscolaire.ca\/?page_id=19"},"modified":"2018-11-05T11:53:28","modified_gmt":"2018-11-05T16:53:28","slug":"home","status":"publish","type":"page","link":"https:\/\/transportscolaire.ca\/en\/","title":{"rendered":"Home"},"content":{"rendered":"<h2 id=\"m_1540036122335790291gmail-itemTitle_preview\" class=\"m_1540036122335790291gmail-itemTitle\"><span class=\"m_1540036122335790291gmail-itemTitleText\">Annulation du service en cas d&#8217;intemp\u00e9ries<\/span><\/h2>\n<p><strong>Qui prend la d\u00e9cision?<\/strong><\/p>\n<p>En cas d\u2019intemp\u00e9ries, les responsables des consortiums de transport scolaire anglophones et francophones consultent les rapports m\u00e9t\u00e9orologiques, v\u00e9rifient l\u2019\u00e9tat des routes aupr\u00e8s des transporteurs et des services municipaux, discutent entre eux et prennent une d\u00e9cision commune.<\/p>\n<p>Il est possible que le transport soit maintenu dans un secteur mais annul\u00e9 dans un autre. Par contre,<\/p>\n<ul>\n<li>Les \u00e9coles demeurent toujours ouvertes, \u00e0 moins d\u2019avis contraire du Conseil scolaire;<\/li>\n<li>L\u2019annulation le matin implique\u00a0<strong>automatiquement<\/strong>\u00a0l\u2019<wbr \/>annulation pour le retour \u00e0 la maison;<\/li>\n<li>Au cours de la journ\u00e9e, si la m\u00e9t\u00e9o l\u2019exige, le CTSO peut d\u00e9cider d\u2019annuler le transport en apr\u00e8s-midi ou de devancer le retour \u00e0 la maison; dans, ce cas, l\u2019\u00e9cole contacte les parents et le CTSO met \u00e0 jour le statut sur ses diff\u00e9rentes plateformes;<\/li>\n<li>Le conducteur ou la conductrice pourrait d\u00e9cider de ne pas faire un ou plusieurs arr\u00eats sur son parcours s\u2019il ou elle juge les conditions routi\u00e8res trop dangereuses.<\/li>\n<\/ul>\n<p><strong>L\u2019\u00e9tat du transport est annonc\u00e9 le matin m\u00eame sur :<\/strong><\/p>\n<ul>\n<li>Notre\u00a0<a href=\"https:\/\/twitter.com\/CTSO_BUS\" target=\"_blank\" rel=\"noopener\" data-saferedirecturl=\"https:\/\/www.google.com\/url?q=https:\/\/twitter.com\/CTSO_BUS&amp;source=gmail&amp;ust=1541519240335000&amp;usg=AFQjCNEWgi9doPcfr-go4uWECotRwsIULg\">nouveau compte Twitter<\/a>;<\/li>\n<li>Notre\u00a0<a href=\"http:\/\/transportscolaire.ca\/\" target=\"_blank\" rel=\"noopener\" data-saferedirecturl=\"https:\/\/www.google.com\/url?q=http:\/\/transportscolaire.ca\/&amp;source=gmail&amp;ust=1541519240335000&amp;usg=AFQjCNE2OjlJEpBv9XgCxHuECPmCfW8rfQ\">site internet<\/a>\u00a0(page d\u2019accueil);<\/li>\n<li>Notre ligne t\u00e9l\u00e9phonique g\u00e9n\u00e9rale ;<\/li>\n<li>Plusieurs m\u00e9dias de votre r\u00e9gion.<\/li>\n<\/ul>\n<p>De plus, les parents qui le d\u00e9sirent peuvent s\u2019abonner pour recevoir un avis d\u2019<strong>annulation<\/strong>\u00a0ou de\u00a0<strong>retard\u00a0<\/strong>par courriel ou message texte.<\/p>\n<p style=\"text-align: center;\"><div id=\"cancel-sub-form-wrapper\">\r\n\t<form id=\"cancel-sub-form\" method=\"post\">\r\n\r\n\t\t\r\n\t\t\r\n\t\t\r\n\t\t\t\r\n\t\t\t<input type=\"hidden\" name=\"ts_action\" value=\"bus_cancellation_sub_step_1\" \/>\r\n\r\n\t\t\t\r\n\t\t\t<label for=\"email\" required>Email:<\/label>\r\n\t\t\t<input type=\"email\" id=\"email\" name=\"email\" placeholder=\"ronald@domain.com\" value=\"\" required data-required-label=\"Required\" \/>\r\n\r\n\t\t\t\t<button type=\"submit\">Signup<\/button>\r\n\t<\/form>\r\n<\/div>\r\n<\/p>\n","protected":false},"excerpt":{"rendered":"<p>Annulation du service en cas d&#8217;intemp\u00e9ries Qui prend la d\u00e9cision? En cas d\u2019intemp\u00e9ries, les responsables des consortiums de transport scolaire anglophones et francophones consultent les rapports m\u00e9t\u00e9orologiques, v\u00e9rifient l\u2019\u00e9tat des routes aupr\u00e8s des transporteurs et des services municipaux, discutent entre eux et prennent une d\u00e9cision commune. Il est possible que le transport soit maintenu dans [&hellip;]<\/p>\n","protected":false},"author":1,"featured_media":0,"parent":0,"menu_order":0,"comment_status":"closed","ping_status":"closed","template":"","meta":{"footnotes":""},"class_list":["post-19","page","type-page","status-publish","hentry"],"yoast_head":"<!-- This site is optimized with the Yoast SEO plugin v27.3 - https:\/\/yoast.com\/product\/yoast-seo-wordpress\/ -->\n<title>Home - Le Consortium de transport scolaire d\u2019Ottawa (CTSO)<\/title>\n<meta name=\"robots\" content=\"index, follow, max-snippet:-1, max-image-preview:large, max-video-preview:-1\" \/>\n<link rel=\"canonical\" href=\"https:\/\/transportscolaire.ca\/en\/\" \/>\n<meta property=\"og:locale\" content=\"en_US\" \/>\n<meta property=\"og:type\" content=\"article\" \/>\n<meta property=\"og:title\" content=\"Home - Le Consortium de transport scolaire d\u2019Ottawa (CTSO)\" \/>\n<meta property=\"og:description\" content=\"Annulation du service en cas d&#8217;intemp\u00e9ries Qui prend la d\u00e9cision? En cas d\u2019intemp\u00e9ries, les responsables des consortiums de transport scolaire anglophones et francophones consultent les rapports m\u00e9t\u00e9orologiques, v\u00e9rifient l\u2019\u00e9tat des routes aupr\u00e8s des transporteurs et des services municipaux, discutent entre eux et prennent une d\u00e9cision commune. Il est possible que le transport soit maintenu dans [&hellip;]\" \/>\n<meta property=\"og:url\" content=\"https:\/\/transportscolaire.ca\/en\/\" \/>\n<meta property=\"og:site_name\" content=\"Le Consortium de transport scolaire d\u2019Ottawa (CTSO)\" \/>\n<meta property=\"article:modified_time\" content=\"2018-11-05T16:53:28+00:00\" \/>\n<meta name=\"twitter:card\" content=\"summary_large_image\" \/>\n<meta name=\"twitter:label1\" content=\"Est. reading time\" \/>\n\t<meta name=\"twitter:data1\" content=\"1 minute\" \/>\n<script type=\"application\/ld+json\" class=\"yoast-schema-graph\">{\"@context\":\"https:\\\/\\\/schema.org\",\"@graph\":[{\"@type\":\"WebPage\",\"@id\":\"https:\\\/\\\/transportscolaire.ca\\\/en\\\/\",\"url\":\"https:\\\/\\\/transportscolaire.ca\\\/en\\\/\",\"name\":\"Home - Le Consortium de transport scolaire d\u2019Ottawa (CTSO)\",\"isPartOf\":{\"@id\":\"https:\\\/\\\/transportscolaire.ca\\\/#website\"},\"datePublished\":\"2018-10-16T16:32:54+00:00\",\"dateModified\":\"2018-11-05T16:53:28+00:00\",\"breadcrumb\":{\"@id\":\"https:\\\/\\\/transportscolaire.ca\\\/en\\\/#breadcrumb\"},\"inLanguage\":\"en-US\",\"potentialAction\":[{\"@type\":\"ReadAction\",\"target\":[\"https:\\\/\\\/transportscolaire.ca\\\/en\\\/\"]}]},{\"@type\":\"BreadcrumbList\",\"@id\":\"https:\\\/\\\/transportscolaire.ca\\\/en\\\/#breadcrumb\",\"itemListElement\":[{\"@type\":\"ListItem\",\"position\":1,\"name\":\"Accueil\",\"item\":\"https:\\\/\\\/transportscolaire.ca\\\/en\\\/\"},{\"@type\":\"ListItem\",\"position\":2,\"name\":\"Home\"}]},{\"@type\":\"WebSite\",\"@id\":\"https:\\\/\\\/transportscolaire.ca\\\/#website\",\"url\":\"https:\\\/\\\/transportscolaire.ca\\\/\",\"name\":\"Le Consortium de transport scolaire d\u2019Ottawa (CTSO)\",\"description\":\"\",\"potentialAction\":[{\"@type\":\"SearchAction\",\"target\":{\"@type\":\"EntryPoint\",\"urlTemplate\":\"https:\\\/\\\/transportscolaire.ca\\\/?s={search_term_string}\"},\"query-input\":{\"@type\":\"PropertyValueSpecification\",\"valueRequired\":true,\"valueName\":\"search_term_string\"}}],\"inLanguage\":\"en-US\"}]}<\/script>\n<!-- \/ Yoast SEO plugin. -->","yoast_head_json":{"title":"Home - Le Consortium de transport scolaire d\u2019Ottawa (CTSO)","robots":{"index":"index","follow":"follow","max-snippet":"max-snippet:-1","max-image-preview":"max-image-preview:large","max-video-preview":"max-video-preview:-1"},"canonical":"https:\/\/transportscolaire.ca\/en\/","og_locale":"en_US","og_type":"article","og_title":"Home - Le Consortium de transport scolaire d\u2019Ottawa (CTSO)","og_description":"Annulation du service en cas d&#8217;intemp\u00e9ries Qui prend la d\u00e9cision? En cas d\u2019intemp\u00e9ries, les responsables des consortiums de transport scolaire anglophones et francophones consultent les rapports m\u00e9t\u00e9orologiques, v\u00e9rifient l\u2019\u00e9tat des routes aupr\u00e8s des transporteurs et des services municipaux, discutent entre eux et prennent une d\u00e9cision commune. Il est possible que le transport soit maintenu dans [&hellip;]","og_url":"https:\/\/transportscolaire.ca\/en\/","og_site_name":"Le Consortium de transport scolaire d\u2019Ottawa (CTSO)","article_modified_time":"2018-11-05T16:53:28+00:00","twitter_card":"summary_large_image","twitter_misc":{"Est. reading time":"1 minute"},"schema":{"@context":"https:\/\/schema.org","@graph":[{"@type":"WebPage","@id":"https:\/\/transportscolaire.ca\/en\/","url":"https:\/\/transportscolaire.ca\/en\/","name":"Home - Le Consortium de transport scolaire d\u2019Ottawa (CTSO)","isPartOf":{"@id":"https:\/\/transportscolaire.ca\/#website"},"datePublished":"2018-10-16T16:32:54+00:00","dateModified":"2018-11-05T16:53:28+00:00","breadcrumb":{"@id":"https:\/\/transportscolaire.ca\/en\/#breadcrumb"},"inLanguage":"en-US","potentialAction":[{"@type":"ReadAction","target":["https:\/\/transportscolaire.ca\/en\/"]}]},{"@type":"BreadcrumbList","@id":"https:\/\/transportscolaire.ca\/en\/#breadcrumb","itemListElement":[{"@type":"ListItem","position":1,"name":"Accueil","item":"https:\/\/transportscolaire.ca\/en\/"},{"@type":"ListItem","position":2,"name":"Home"}]},{"@type":"WebSite","@id":"https:\/\/transportscolaire.ca\/#website","url":"https:\/\/transportscolaire.ca\/","name":"Le Consortium de transport scolaire d\u2019Ottawa (CTSO)","description":"","potentialAction":[{"@type":"SearchAction","target":{"@type":"EntryPoint","urlTemplate":"https:\/\/transportscolaire.ca\/?s={search_term_string}"},"query-input":{"@type":"PropertyValueSpecification","valueRequired":true,"valueName":"search_term_string"}}],"inLanguage":"en-US"}]}},"_links":{"self":[{"href":"https:\/\/transportscolaire.ca\/en\/wp-json\/wp\/v2\/pages\/19","targetHints":{"allow":["GET"]}}],"collection":[{"href":"https:\/\/transportscolaire.ca\/en\/wp-json\/wp\/v2\/pages"}],"about":[{"href":"https:\/\/transportscolaire.ca\/en\/wp-json\/wp\/v2\/types\/page"}],"author":[{"embeddable":true,"href":"https:\/\/transportscolaire.ca\/en\/wp-json\/wp\/v2\/users\/1"}],"replies":[{"embeddable":true,"href":"https:\/\/transportscolaire.ca\/en\/wp-json\/wp\/v2\/comments?post=19"}],"version-history":[{"count":4,"href":"https:\/\/transportscolaire.ca\/en\/wp-json\/wp\/v2\/pages\/19\/revisions"}],"predecessor-version":[{"id":53,"href":"https:\/\/transportscolaire.ca\/en\/wp-json\/wp\/v2\/pages\/19\/revisions\/53"}],"wp:attachment":[{"href":"https:\/\/transportscolaire.ca\/en\/wp-json\/wp\/v2\/media?parent=19"}],"curies":[{"name":"wp","href":"https:\/\/api.w.org\/{rel}","templated":true}]}}